{"id":9,"date":"2023-01-20T10:50:20","date_gmt":"2023-01-20T10:50:20","guid":{"rendered":"http:\/\/koloniakasprzaka.com\/?page_id=9"},"modified":"2025-05-13T09:55:37","modified_gmt":"2025-05-13T09:55:37","slug":"o-nas","status":"publish","type":"page","link":"https:\/\/koloniakasprzaka.pl\/index.php\/o-nas\/","title":{"rendered":"O nas"},"content":{"rendered":"\r\n<p>&nbsp;<\/p>\r\n<p>W po\u0142owie lat pi\u0119\u0107dziesi\u0105tych w dynamicznie odbudowuj\u0105cej si\u0119 z ruin Stolicy zacz\u0119to odczuwa\u0107 brak cegie\u0142. Zaistnia\u0142a wi\u0119c potrzeba dostarczenia nowych materia\u0142\u00f3w i technologii realizacyjnych, dlatego te\u017c w Centralnym O\u015brodku Badawczo \u2013 Projektowym Budownictwa Og\u00f3lnego w Warszawie \/Wierzbowa 9\/ powo\u0142ano Pracowni\u0119 Budownictwa Do\u015bwiadczalnego kierowan\u0105 przez dr in\u017c. arch. Zygmunta Kleiffa. Zgromadzi\u0142 on zesp\u00f3\u0142 wybitnych specjalist\u00f3w, kt\u00f3rzy mieli za zadanie opracowanie i wdro\u017cenie nowych metod materia\u0142owo \u2013 konstrukcyjnych budownictwa osiedlowego.<\/p>\r\n\r\n\r\n\r\n<p>Naczeln\u0105 ide\u0105 by\u0142o, szybkie zapewnienie tanich mieszka\u0144 dla ka\u017cdej rodziny.<\/p>\r\n\r\n\r\n\r\n<p>Podstawowym zagadnieniem by\u0142o znalezienie odpowiedniego materia\u0142u na \u015bciany zewn\u0119trzne. Przy \u00f3wczesnych niskich normach ocieplania najlepiej nadawa\u0142 si\u0119 do tego \u017cu\u017cel\u00a0 wielkopiecowy, kt\u00f3rego ha\u0142dy zalega\u0142y okolice hut na \u015al\u0105sku. Istnia\u0142a jednak obawa o jego radioaktywno\u015bci, dlatego neutralizowano go wapnem, a szcz\u0105tkowe ilo\u015bci promieniowania badano licznikami Geigera.<\/p>\r\n\r\n\r\n\r\n<p>W tych siermi\u0119\u017cnych dla budownictwa latach jedynymi wzorcami mog\u0142y by\u0107 tylko technologie wielkoblokowe stosowane w fabrykach dom\u00f3w w \u00f3wczesnym Zwi\u0105zku Radzieckim. Powsta\u0142y wi\u0119c zal\u0105\u017cki uprzemys\u0142owionego budownictwa prefabrykowanego.<\/p>\r\n\r\n\r\n\r\n<p>Naprzeciwko Zak\u0142ad\u00f3w Radiowych Kasprzaka na Woli, przy ul. Kasprzaka in\u017c arch. Aleksander Kirow zaprojektowa\u0142 jedyne w \u00f3wczesnej Warszawie osiedle do\u015bwiadczalne. Sk\u0142ada\u0142o si\u0119 ono z trzech czworok\u0105tnych podw\u00f3rek oddzielonych dwoma \u015blepymi uliczkami \u2013 dojazdowymi do pawilon\u00f3w handlowych.<\/p>\r\n\r\n\r\n\r\n<p>Przedmiotem do\u015bwiadczenia technologiczno \u2013 materia\u0142owego by\u0142o:<\/p>\r\n\r\n\r\n\r\n<ol class=\"wp-block-list\">\r\n<li>produkcja wielkowymiarowych element\u00f3w strop\u00f3w i \u015bcian wraz wypraw\u0105 w fabryce dom\u00f3w na \u017beraniu,<\/li>\r\n\r\n\r\n\r\n<li>transport i bezpieczny monta\u017c tych element\u00f3w zgodnie z harmonogramem realizacji<\/li>\r\n<\/ol>\r\n\r\n\r\n\r\n<p>W latach 1955 \u2013 1957 na osiedlu Kasprzaka zosta\u0142o zrealizowanych 10 budynk\u00f3w mieszkalnych \u2013 8 w technologii wielkoblokowej i 2 w technologii wielkop\u0142ytowej.<\/p>\r\n\r\n\r\n\r\n<p>Projektanci i realizatorzy zdali egzamin i w grudniu 1956 roku zostali wyr\u00f3\u017cnieni Nagrod\u0105 Pierwszego Stopnia przez Komitet do Spraw Urbanistyki i Architektury.<\/p>\r\n\r\n\r\n\r\n<p>Wzoruj\u0105c si\u0119 na tej technologii powsta\u0142o w Warszawie wiele osiedli m. in. na Woli i \u017boliborzu.<\/p>\r\n\r\n\r\n\r\n<p>Zbigniew Drouet<\/p>\r\n\r\n\r\n\r\n<p>&nbsp;<\/p>\r\n","protected":false},"excerpt":{"rendered":"<p>&nbsp; W po\u0142owie lat pi\u0119\u0107dziesi\u0105tych w dynamicznie odbudowuj\u0105cej si\u0119 z ruin Stolicy zacz\u0119to odczuwa\u0107 brak cegie\u0142. Zaistnia\u0142a wi\u0119c potrzeba dostarczenia nowych materia\u0142\u00f3w i technologii realizacyjnych, dlatego te\u017c w Centralnym O\u015brodku Badawczo \u2013 Projektowym Budownictwa Og\u00f3lnego w Warszawie \/Wierzbowa 9\/ powo\u0142ano Pracowni\u0119 Budownictwa Do\u015bwiadczalnego kierowan\u0105 przez dr in\u017c. arch. Zygmunta Kleiffa. Zgromadzi\u0142 on zesp\u00f3\u0142 wybitnych specjalist\u00f3w, &#8230; <a title=\"O nas\" class=\"read-more\" href=\"https:\/\/koloniakasprzaka.pl\/index.php\/o-nas\/\" aria-label=\"Dowiedz si\u0119 wi\u0119cej o O nas\">Dowiedz si\u0119 wi\u0119cej<\/a><\/p>\n","protected":false},"author":1,"featured_media":0,"parent":0,"menu_order":0,"comment_status":"closed","ping_status":"closed","template":"","meta":{"footnotes":""},"class_list":["post-9","page","type-page","status-publish"],"_links":{"self":[{"href":"https:\/\/koloniakasprzaka.pl\/index.php\/wp-json\/wp\/v2\/pages\/9","targetHints":{"allow":["GET"]}}],"collection":[{"href":"https:\/\/koloniakasprzaka.pl\/index.php\/wp-json\/wp\/v2\/pages"}],"about":[{"href":"https:\/\/koloniakasprzaka.pl\/index.php\/wp-json\/wp\/v2\/types\/page"}],"author":[{"embeddable":true,"href":"https:\/\/koloniakasprzaka.pl\/index.php\/wp-json\/wp\/v2\/users\/1"}],"replies":[{"embeddable":true,"href":"https:\/\/koloniakasprzaka.pl\/index.php\/wp-json\/wp\/v2\/comments?post=9"}],"version-history":[{"count":6,"href":"https:\/\/koloniakasprzaka.pl\/index.php\/wp-json\/wp\/v2\/pages\/9\/revisions"}],"predecessor-version":[{"id":555,"href":"https:\/\/koloniakasprzaka.pl\/index.php\/wp-json\/wp\/v2\/pages\/9\/revisions\/555"}],"wp:attachment":[{"href":"https:\/\/koloniakasprzaka.pl\/index.php\/wp-json\/wp\/v2\/media?parent=9"}],"curies":[{"name":"wp","href":"https:\/\/api.w.org\/{rel}","templated":true}]}}